{"id":136,"date":"2021-06-04T16:10:04","date_gmt":"2021-06-04T14:10:04","guid":{"rendered":"https:\/\/maxi-travel.cz\/?page_id=136"},"modified":"2021-08-08T16:33:43","modified_gmt":"2021-08-08T14:33:43","slug":"reklama","status":"publish","type":"page","link":"https:\/\/maxi-travel.cz\/?page_id=136","title":{"rendered":"Reklama"},"content":{"rendered":"<h2 style=\"text-align: center;\">Mo\u017enost inzerce na webu Maxi-travel.cz<\/h2>\n<p align=\"JUSTIFY\">Nab\u00edz\u00edme mo\u017enost inzerce na tomto magaz\u00ednu a to formou reklamn\u00edho \u010dl\u00e1nku, odkazu, banneru \u010di jin\u00e9 kreativn\u00ed spolupr\u00e1ce. Budov\u00e1n\u00ed kvalitn\u00edho odkazov\u00e9ho profilu by m\u011bla b\u00fdt povinnost ka\u017ed\u00e9ho u\u017eivatele, kter\u00e9mu nen\u00ed jeho web lhostejn\u00fd a chce o n\u011bm d\u00e1t v\u011bd\u011bt. Dokonce i ten nejpokro\u010dilej\u0161\u00ed web se bez \u00fa\u010dinn\u00e9 reklamn\u00ed kampan\u011b neobejde. Proto je dal\u0161\u00edm obl\u00edben\u00fdm zp\u016fsobem jak propagovat sv\u016fj web vytvo\u0159en\u00ed PR \u010dl\u00e1nku a jeho publikace.<\/p>\n<p><center><img loading=\"lazy\" decoding=\"async\" class=\"aligncenter size-large wp-image-475\" src=\"https:\/\/maxi-travel.cz\/wp-content\/uploads\/2021\/08\/special-offer-606691_1280-1024x512.png\" alt=\"\" width=\"640\" height=\"320\" \/><\/center>&nbsp;<\/p>\n<h2>Pro\u010d inzerovat u n\u00e1s?<\/h2>\n<ul>\n<li>Zv\u00fd\u0161\u00edme pov\u011bdom\u00ed o va\u0161\u00ed zna\u010dce.<\/li>\n<li>Z\u00edsk\u00e1te zp\u011btn\u00e9 odkazy z d\u016fv\u011bryhodn\u00e9ho zdroje = siln\u00e9 pro budov\u00e1n\u00ed linkbuildingu.<\/li>\n<li>Spole\u010dn\u00fdmi silami vytvo\u0159\u00edme individu\u00e1ln\u00ed \u0159e\u0161en\u00ed, \u0161it\u00e9 na m\u00edru p\u0159\u00edmo V\u00e1m.<\/li>\n<li>M\u00e1me letit\u00e9 zku\u0161enosti v oblasti internetov\u00e9ho marketingu.<\/li>\n<li>Velk\u00fd dosah a dlouhodob\u00e1 \u010dtenost.<\/li>\n<\/ul>\n<p align=\"JUSTIFY\">Pokra\u010dovat na\u00a0<a href=\"https:\/\/superweby.cz\/reklama\/\"><strong><span style=\"color: #ff0000;\">Objedn\u00e1n\u00ed reklamy<\/span><\/strong><\/a><\/p>\n<p>&nbsp;<\/p>\n","protected":false},"excerpt":{"rendered":"<p>Mo\u017enost inzerce na webu Maxi-travel.cz Nab\u00edz\u00edme mo\u017enost inzerce na tomto magaz\u00ednu a to formou reklamn\u00edho \u010dl\u00e1nku, odkazu, banneru \u010di jin\u00e9 kreativn\u00ed spolupr\u00e1ce. Budov\u00e1n\u00ed kvalitn\u00edho odkazov\u00e9ho profilu by m\u011bla b\u00fdt povinnost ka\u017ed\u00e9ho u\u017eivatele, kter\u00e9mu nen\u00ed jeho web lhostejn\u00fd a chce o n\u011bm d\u00e1t v\u011bd\u011bt. Dokonce i ten nejpokro\u010dilej\u0161\u00ed web se bez \u00fa\u010dinn\u00e9 reklamn\u00ed kampan\u011b neobejde. Proto [&hellip;]<\/p>\n","protected":false},"author":1,"featured_media":0,"parent":0,"menu_order":0,"comment_status":"closed","ping_status":"closed","template":"","meta":{"footnotes":""},"class_list":["post-136","page","type-page","status-publish","hentry"],"_links":{"self":[{"href":"https:\/\/maxi-travel.cz\/index.php?rest_route=\/wp\/v2\/pages\/136","targetHints":{"allow":["GET"]}}],"collection":[{"href":"https:\/\/maxi-travel.cz\/index.php?rest_route=\/wp\/v2\/pages"}],"about":[{"href":"https:\/\/maxi-travel.cz\/index.php?rest_route=\/wp\/v2\/types\/page"}],"author":[{"embeddable":true,"href":"https:\/\/maxi-travel.cz\/index.php?rest_route=\/wp\/v2\/users\/1"}],"replies":[{"embeddable":true,"href":"https:\/\/maxi-travel.cz\/index.php?rest_route=%2Fwp%2Fv2%2Fcomments&post=136"}],"version-history":[{"count":8,"href":"https:\/\/maxi-travel.cz\/index.php?rest_route=\/wp\/v2\/pages\/136\/revisions"}],"predecessor-version":[{"id":481,"href":"https:\/\/maxi-travel.cz\/index.php?rest_route=\/wp\/v2\/pages\/136\/revisions\/481"}],"wp:attachment":[{"href":"https:\/\/maxi-travel.cz\/index.php?rest_route=%2Fwp%2Fv2%2Fmedia&parent=136"}],"curies":[{"name":"wp","href":"https:\/\/api.w.org\/{rel}","templated":true}]}}