{"id":138,"date":"2021-06-04T16:10:13","date_gmt":"2021-06-04T14:10:13","guid":{"rendered":"https:\/\/maxi-travel.cz\/?page_id=138"},"modified":"2021-06-04T17:09:02","modified_gmt":"2021-06-04T15:09:02","slug":"o-nas","status":"publish","type":"page","link":"https:\/\/maxi-travel.cz\/?page_id=138","title":{"rendered":"O n\u00e1s"},"content":{"rendered":"<p>Provozujeme des\u00edtky vlastn\u00edch web\u016f a pro na\u0161e klienty jsme vyrobili dal\u0161\u00ed stovky web\u016f. M\u00e1me v mal\u00edku nejnov\u011bj\u0161\u00ed technologie i optimalizace pro co nejvy\u0161\u0161\u00ed v\u00fdkon.<\/p>\n<p><a href=\"https:\/\/superweby.cz\"><img loading=\"lazy\" decoding=\"async\" class=\"aligncenter wp-image-151 size-full\" src=\"https:\/\/maxi-travel.cz\/wp-content\/uploads\/2021\/06\/superweby_900.png\" alt=\"\" width=\"900\" height=\"675\" srcset=\"https:\/\/maxi-travel.cz\/wp-content\/uploads\/2021\/06\/superweby_900.png 900w, https:\/\/maxi-travel.cz\/wp-content\/uploads\/2021\/06\/superweby_900-300x225.png 300w, https:\/\/maxi-travel.cz\/wp-content\/uploads\/2021\/06\/superweby_900-768x576.png 768w\" sizes=\"auto, (max-width: 900px) 100vw, 900px\" \/><\/a><\/p>\n","protected":false},"excerpt":{"rendered":"<p>Provozujeme des\u00edtky vlastn\u00edch web\u016f a pro na\u0161e klienty jsme vyrobili dal\u0161\u00ed stovky web\u016f. M\u00e1me v mal\u00edku nejnov\u011bj\u0161\u00ed technologie i optimalizace pro co nejvy\u0161\u0161\u00ed v\u00fdkon.<\/p>\n","protected":false},"author":1,"featured_media":0,"parent":0,"menu_order":0,"comment_status":"closed","ping_status":"closed","template":"","meta":{"footnotes":""},"class_list":["post-138","page","type-page","status-publish","hentry"],"_links":{"self":[{"href":"https:\/\/maxi-travel.cz\/index.php?rest_route=\/wp\/v2\/pages\/138","targetHints":{"allow":["GET"]}}],"collection":[{"href":"https:\/\/maxi-travel.cz\/index.php?rest_route=\/wp\/v2\/pages"}],"about":[{"href":"https:\/\/maxi-travel.cz\/index.php?rest_route=\/wp\/v2\/types\/page"}],"author":[{"embeddable":true,"href":"https:\/\/maxi-travel.cz\/index.php?rest_route=\/wp\/v2\/users\/1"}],"replies":[{"embeddable":true,"href":"https:\/\/maxi-travel.cz\/index.php?rest_route=%2Fwp%2Fv2%2Fcomments&post=138"}],"version-history":[{"count":0,"href":"https:\/\/maxi-travel.cz\/index.php?rest_route=\/wp\/v2\/pages\/138\/revisions"}],"wp:attachment":[{"href":"https:\/\/maxi-travel.cz\/index.php?rest_route=%2Fwp%2Fv2%2Fmedia&parent=138"}],"curies":[{"name":"wp","href":"https:\/\/api.w.org\/{rel}","templated":true}]}}